{"id":1497,"date":"2021-11-09T19:46:23","date_gmt":"2021-11-09T17:46:23","guid":{"rendered":"https:\/\/atalak.dantzaz.eus\/transmision\/"},"modified":"2024-02-16T23:15:20","modified_gmt":"2024-02-16T21:15:20","slug":"transmission","status":"publish","type":"page","link":"https:\/\/atalak.dantzaz.eus\/fr\/transmission\/","title":{"rendered":"Transmission"},"content":{"rendered":"<p><div class=\"fusion-fullwidth fullwidth-box fusion-builder-row-1 hundred-percent-fullwidth non-hundred-percent-height-scrolling\" style=\"background-color: rgba(255,255,255,0);background-position: center center;background-repeat: no-repeat;padding-top:0px;padding-right:0px;padding-bottom:0px;padding-left:0px;border-width: 0px 0px 0px 0px;border-color:#eae9e9;border-style:solid;\" ><div class=\"fusion-builder-row fusion-row\"><div class=\"fusion-layout-column fusion_builder_column fusion-builder-column-0 fusion_builder_column_1_1 1_1 fusion-one-full fusion-column-first fusion-column-last\" style=\"margin-top:0px;margin-bottom:0px;\"><div class=\"fusion-column-wrapper fusion-flex-column-wrapper-legacy\" style=\"background-position:left top;background-repeat:no-repeat;-webkit-background-size:cover;-moz-background-size:cover;-o-background-size:cover;background-size:cover;padding: 0px 0px 0px 0px;\"><span class=\" fusion-imageframe imageframe-none imageframe-1 hover-type-none\"><img decoding=\"async\" width=\"2000\" height=\"600\" title=\"transmision\" src=\"https:\/\/atalak.dantzaz.eus\/wp-content\/uploads\/2021\/11\/transmision.jpg\" class=\"img-responsive wp-image-1055\" srcset=\"https:\/\/atalak.dantzaz.eus\/wp-content\/uploads\/2021\/11\/transmision-200x60.jpg 200w, https:\/\/atalak.dantzaz.eus\/wp-content\/uploads\/2021\/11\/transmision-400x120.jpg 400w, https:\/\/atalak.dantzaz.eus\/wp-content\/uploads\/2021\/11\/transmision-600x180.jpg 600w, https:\/\/atalak.dantzaz.eus\/wp-content\/uploads\/2021\/11\/transmision-800x240.jpg 800w, https:\/\/atalak.dantzaz.eus\/wp-content\/uploads\/2021\/11\/transmision-1200x360.jpg 1200w, https:\/\/atalak.dantzaz.eus\/wp-content\/uploads\/2021\/11\/transmision.jpg 2000w\" sizes=\"(max-width: 1024px) 100vw, 2000px\" \/><\/span><div class=\"fusion-clearfix\"><\/div><\/div><\/div><\/div><\/div><div class=\"fusion-fullwidth fullwidth-box fusion-builder-row-2 nonhundred-percent-fullwidth non-hundred-percent-height-scrolling\" style=\"background-color: rgba(255,255,255,0);background-position: center center;background-repeat: no-repeat;padding-top:45px;padding-right:0px;padding-bottom:15px;padding-left:0px;margin-bottom: 0px;margin-top: 0px;border-width: 0px 0px 0px 0px;border-color:#eae9e9;border-style:solid;\" ><div class=\"fusion-builder-row fusion-row\"><div class=\"fusion-layout-column fusion_builder_column fusion-builder-column-1 fusion_builder_column_1_1 1_1 fusion-one-full fusion-column-first fusion-column-last\" style=\"margin-top:0px;margin-bottom:20px;\"><div class=\"fusion-column-wrapper fusion-flex-column-wrapper-legacy\" style=\"background-position:left top;background-repeat:no-repeat;-webkit-background-size:cover;-moz-background-size:cover;-o-background-size:cover;background-size:cover;padding: 0px 0px 0px 0px;\"><style type=\"text\/css\"><\/style><div class=\"fusion-title title fusion-title-1 fusion-sep-none fusion-title-center fusion-title-text fusion-title-size-one tituloh1 debajo\" style=\"margin-top:0px;margin-right:0px;margin-bottom:31px;margin-left:0px;\"><h1 class=\"title-heading-center\" style=\"margin:0;\"><span style=\"font-weight: 400;\">Ligne de m\u00e9diation<\/span><\/h1><\/div><div class=\"fusion-text fusion-text-1 texto-grande\"><h3>Parier sur la transmission et la cr\u00e9ation de publics<\/h3>\n<p>La ligne de m\u00e9diation du r\u00e9seau ATALAK 2.0 s&rsquo;\u00e9tend et englobe les activit\u00e9s de m\u00e9diation existantes d\u00e9velopp\u00e9es par les diff\u00e9rents partenaires. De cette mani\u00e8re, les connaissances et l&rsquo;exp\u00e9rience accumul\u00e9es favorisent les synergies entre les partenaires du r\u00e9seau ATALAK, tout en g\u00e9n\u00e9rant un contenu commun et des \u00e9changes de bonnes pratiques. La ligne M\u00e9diation se concentre sur trois domaines : la m\u00e9diation pour le public, et la m\u00e9diation culturel pour les amateurs.<\/p>\n<\/div><div class=\"fusion-clearfix\"><\/div><\/div><\/div><\/div><\/div><div class=\"fusion-fullwidth fullwidth-box fusion-builder-row-3 hundred-percent-fullwidth non-hundred-percent-height-scrolling fusion-equal-height-columns\" style=\"background-color: rgba(255,255,255,0);background-position: center center;background-repeat: no-repeat;padding-top:0px;padding-right:0px;padding-bottom:0px;padding-left:0px;margin-top: 45px;border-width: 0px 0px 0px 0px;border-color:#eae9e9;border-style:solid;\" ><div class=\"fusion-builder-row fusion-row\"><div class=\"fusion-layout-column fusion_builder_column fusion-builder-column-2 fusion_builder_column_1_2 1_2 fusion-one-half fusion-column-first\" style=\"width:50%;width:calc(50% - ( ( 0 ) * 0.5 ) );margin-right: 0px;margin-top:0px;margin-bottom:0px;\"><div class=\"fusion-column-wrapper fusion-flex-column-wrapper-legacy\" style=\"background-position:left top;background-repeat:no-repeat;-webkit-background-size:cover;-moz-background-size:cover;-o-background-size:cover;background-size:cover;background-color:#f0f0f0;padding: 65px 15% 65px 15%;\"><div class=\"fusion-column-content-centered\"><div class=\"fusion-column-content\"><div class=\"fusion-text fusion-text-2\"><h3>Cr\u00e9ation de publics<\/h3>\n<p>Les \u00e9chantillons des laboratoires exp\u00e9rimentaux servent de lieu de rencontre avec les publics int\u00e9ress\u00e9s par la danse, offrant une ouverture sur les processus de cr\u00e9ation chor\u00e9graphique. Chaque partenaire du r\u00e9seau ATALAK attire des publics diff\u00e9rents et cherche les meilleurs moyens de se rapprocher de son \u00e9cosyst\u00e8me.<\/p>\n<\/div><\/div><\/div><div class=\"fusion-clearfix\"><\/div><\/div><\/div><div class=\"fusion-layout-column fusion_builder_column fusion-builder-column-3 fusion_builder_column_1_2 1_2 fusion-one-half fusion-column-last\" style=\"width:50%;width:calc(50% - ( ( 0 ) * 0.5 ) );margin-top:0px;margin-bottom:0px;\"><div class=\"fusion-column-wrapper fusion-flex-column-wrapper-legacy\" style=\"background-image: url(&#039;https:\/\/atalak.dantzaz.eus\/wp-content\/uploads\/2021\/11\/transmision-1.jpg&#039;);background-position:center center;background-repeat:no-repeat;-webkit-background-size:cover;-moz-background-size:cover;-o-background-size:cover;background-size:cover;padding: 175px 0px 175px 0px;\" data-bg-url=\"https:\/\/atalak.dantzaz.eus\/wp-content\/uploads\/2021\/11\/transmision-1.jpg\"><div class=\"fusion-column-content-centered\"><div class=\"fusion-column-content\"><\/div><\/div><div class=\"fusion-clearfix\"><\/div><\/div><\/div><\/div><\/div><div class=\"fusion-fullwidth fullwidth-box fusion-builder-row-4 reverse-cols hundred-percent-fullwidth non-hundred-percent-height-scrolling fusion-equal-height-columns\" style=\"background-color: rgba(255,255,255,0);background-position: center center;background-repeat: no-repeat;padding-top:0px;padding-right:0px;padding-bottom:0px;padding-left:0px;border-width: 0px 0px 0px 0px;border-color:#eae9e9;border-style:solid;\" ><div class=\"fusion-builder-row fusion-row\"><div class=\"fusion-layout-column fusion_builder_column fusion-builder-column-4 fusion_builder_column_1_2 1_2 fusion-one-half fusion-column-first\" style=\"width:50%;width:calc(50% - ( ( 0 ) * 0.5 ) );margin-right: 0px;margin-top:0px;margin-bottom:0px;\"><div class=\"fusion-column-wrapper fusion-flex-column-wrapper-legacy\" style=\"background-image: url(&#039;https:\/\/atalak.dantzaz.eus\/wp-content\/uploads\/2021\/11\/transmision-2.jpg&#039;);background-position:center center;background-repeat:no-repeat;-webkit-background-size:cover;-moz-background-size:cover;-o-background-size:cover;background-size:cover;padding: 175px 0px 175px 0px;\" data-bg-url=\"https:\/\/atalak.dantzaz.eus\/wp-content\/uploads\/2021\/11\/transmision-2.jpg\"><div class=\"fusion-column-content-centered\"><div class=\"fusion-column-content\"><\/div><\/div><div class=\"fusion-clearfix\"><\/div><\/div><\/div><div class=\"fusion-layout-column fusion_builder_column fusion-builder-column-5 fusion_builder_column_1_2 1_2 fusion-one-half fusion-column-last\" style=\"width:50%;width:calc(50% - ( ( 0 ) * 0.5 ) );margin-top:0px;margin-bottom:0px;\"><div class=\"fusion-column-wrapper fusion-flex-column-wrapper-legacy\" style=\"background-position:left top;background-repeat:no-repeat;-webkit-background-size:cover;-moz-background-size:cover;-o-background-size:cover;background-size:cover;background-color:#ffffff;padding: 65px 15% 65px 15%;\"><div class=\"fusion-column-content-centered\"><div class=\"fusion-column-content\"><div class=\"fusion-text fusion-text-3\"><h3>a(ta) communautaire<\/h3>\n<p>Con\u00e7us comme un espace innovant de participation des publics aux processus de cr\u00e9ation chor\u00e9graphique, les ateliers communautaires peuvent durer entre un et trois jours et s&rsquo;adressent \u00e0 toute personne int\u00e9ress\u00e9e par la danse et le mouvement, avec ou sans connaissances pr\u00e9alables. La m\u00e9thodologie propos\u00e9e est bas\u00e9e sur la transmission de lignes directrices et de propositions de cr\u00e9ation chor\u00e9graphique afin de rapprocher les processus de cr\u00e9ation des personnes int\u00e9ress\u00e9es.<\/p>\n<p>Ces ateliers communautaires seront parfois accompagn\u00e9s par des artistes de Dantzaz dans leur d\u00e9marche de sensibilisation et de transmission de la danse.<\/p>\n<\/div><\/div><\/div><div class=\"fusion-clearfix\"><\/div><\/div><\/div><\/div><\/div><\/p>\n","protected":false},"excerpt":{"rendered":"","protected":false},"author":1,"featured_media":0,"parent":0,"menu_order":0,"comment_status":"closed","ping_status":"closed","template":"100-width.php","meta":{"footnotes":""},"class_list":["post-1497","page","type-page","status-publish","hentry"],"acf":[],"_links":{"self":[{"href":"https:\/\/atalak.dantzaz.eus\/fr\/wp-json\/wp\/v2\/pages\/1497","targetHints":{"allow":["GET"]}}],"collection":[{"href":"https:\/\/atalak.dantzaz.eus\/fr\/wp-json\/wp\/v2\/pages"}],"about":[{"href":"https:\/\/atalak.dantzaz.eus\/fr\/wp-json\/wp\/v2\/types\/page"}],"author":[{"embeddable":true,"href":"https:\/\/atalak.dantzaz.eus\/fr\/wp-json\/wp\/v2\/users\/1"}],"replies":[{"embeddable":true,"href":"https:\/\/atalak.dantzaz.eus\/fr\/wp-json\/wp\/v2\/comments?post=1497"}],"version-history":[{"count":6,"href":"https:\/\/atalak.dantzaz.eus\/fr\/wp-json\/wp\/v2\/pages\/1497\/revisions"}],"predecessor-version":[{"id":2225,"href":"https:\/\/atalak.dantzaz.eus\/fr\/wp-json\/wp\/v2\/pages\/1497\/revisions\/2225"}],"wp:attachment":[{"href":"https:\/\/atalak.dantzaz.eus\/fr\/wp-json\/wp\/v2\/media?parent=1497"}],"curies":[{"name":"wp","href":"https:\/\/api.w.org\/{rel}","templated":true}]}}