{"id":1507,"date":"2021-11-09T21:02:28","date_gmt":"2021-11-09T19:02:28","guid":{"rendered":"https:\/\/atalak.dantzaz.eus\/documentacion\/"},"modified":"2022-02-03T15:13:05","modified_gmt":"2022-02-03T13:13:05","slug":"documentation","status":"publish","type":"page","link":"https:\/\/atalak.dantzaz.eus\/fr\/documentation\/","title":{"rendered":"Documentation"},"content":{"rendered":"<p><div class=\"fusion-fullwidth fullwidth-box fusion-builder-row-1 hundred-percent-fullwidth non-hundred-percent-height-scrolling\" style=\"background-color: rgba(255,255,255,0);background-position: center center;background-repeat: no-repeat;padding-top:0px;padding-right:0px;padding-bottom:0px;padding-left:0px;border-width: 0px 0px 0px 0px;border-color:#eae9e9;border-style:solid;\" ><div class=\"fusion-builder-row fusion-row\"><div class=\"fusion-layout-column fusion_builder_column fusion-builder-column-0 fusion_builder_column_1_1 1_1 fusion-one-full fusion-column-first fusion-column-last\" style=\"margin-top:0px;margin-bottom:0px;\"><div class=\"fusion-column-wrapper fusion-flex-column-wrapper-legacy\" style=\"background-position:left top;background-repeat:no-repeat;-webkit-background-size:cover;-moz-background-size:cover;-o-background-size:cover;background-size:cover;padding: 0px 0px 0px 0px;\"><span class=\" fusion-imageframe imageframe-none imageframe-1 hover-type-none\"><img decoding=\"async\" width=\"2000\" height=\"754\" title=\"atalak_documentacion_portada-w\" src=\"https:\/\/atalak.dantzaz.eus\/wp-content\/uploads\/2021\/11\/atalak_documentacion_portada-w.jpg\" class=\"img-responsive wp-image-1181\" srcset=\"https:\/\/atalak.dantzaz.eus\/wp-content\/uploads\/2021\/11\/atalak_documentacion_portada-w-200x75.jpg 200w, https:\/\/atalak.dantzaz.eus\/wp-content\/uploads\/2021\/11\/atalak_documentacion_portada-w-400x151.jpg 400w, https:\/\/atalak.dantzaz.eus\/wp-content\/uploads\/2021\/11\/atalak_documentacion_portada-w-600x226.jpg 600w, https:\/\/atalak.dantzaz.eus\/wp-content\/uploads\/2021\/11\/atalak_documentacion_portada-w-800x302.jpg 800w, https:\/\/atalak.dantzaz.eus\/wp-content\/uploads\/2021\/11\/atalak_documentacion_portada-w-1200x452.jpg 1200w, https:\/\/atalak.dantzaz.eus\/wp-content\/uploads\/2021\/11\/atalak_documentacion_portada-w.jpg 2000w\" sizes=\"(max-width: 1024px) 100vw, 2000px\" \/><\/span><div class=\"fusion-clearfix\"><\/div><\/div><\/div><\/div><\/div><div class=\"fusion-fullwidth fullwidth-box fusion-builder-row-2 nonhundred-percent-fullwidth non-hundred-percent-height-scrolling\" style=\"background-color: rgba(255,255,255,0);background-position: center center;background-repeat: no-repeat;padding-top:45px;padding-right:0px;padding-bottom:15px;padding-left:0px;margin-bottom: 0px;margin-top: 0px;border-width: 0px 0px 0px 0px;border-color:#eae9e9;border-style:solid;\" ><div class=\"fusion-builder-row fusion-row\"><div class=\"fusion-layout-column fusion_builder_column fusion-builder-column-1 fusion_builder_column_1_1 1_1 fusion-one-full fusion-column-first fusion-column-last\" style=\"margin-top:0px;margin-bottom:20px;\"><div class=\"fusion-column-wrapper fusion-flex-column-wrapper-legacy\" style=\"background-position:left top;background-repeat:no-repeat;-webkit-background-size:cover;-moz-background-size:cover;-o-background-size:cover;background-size:cover;padding: 0px 0px 0px 0px;\"><style type=\"text\/css\"><\/style><div class=\"fusion-title title fusion-title-1 fusion-sep-none fusion-title-center fusion-title-text fusion-title-size-one tituloh1 debajo\" style=\"margin-top:0px;margin-right:0px;margin-bottom:31px;margin-left:0px;\"><h1 class=\"title-heading-center\" style=\"margin:0;\"><span style=\"font-weight: 400;\">Ligne de documentation<\/span><\/h1><\/div><div class=\"fusion-text fusion-text-1\" style=\"text-align:center;font-size:28px;\"><p>Cr\u00e9er l&rsquo;histoire \u00e0 partir de la pratique des arts du spectacle<\/p>\n<\/div><div class=\"fusion-sep-clear\"><\/div><div class=\"fusion-separator fusion-full-width-sep\" style=\"margin-left: auto;margin-right: auto;margin-top:35px;width:100%;\"><\/div><div class=\"fusion-sep-clear\"><\/div><div class=\"fusion-text fusion-text-2 texto-grande\" style=\"text-align:left;\"><p>Profitant de l&rsquo;existence au sein de la Nouvelle Euror\u00e9gion Aquitaine-Euskadi-Navarra d&rsquo;institutions d\u00e9di\u00e9es \u00e0 la documentation, la conservation et la diffusion des arts du spectacle, ATALAK propose une ligne de travail interdisciplinaire et collaborative d\u00e9di\u00e9e \u00e0 la documentation.<\/p>\n<p>Ainsi, les Archives de Musique et des Arts du Spectacle de Navarre (AMAEN), les Archives de Musique Basque (ERESBIL), Gipuzkoako Dantzagunea et le CCN-Malandain Ballet Biarritz proposent un projet pilote bas\u00e9 sur la cr\u00e9ation d&rsquo;un fonds de documentation du projet pour sa conservation et sa diffusion. La cr\u00e9ation de ce fonds, sert de pr\u00e9texte pour partager les m\u00e9thodologies, les pratiques et les propositions de diff\u00e9rentes institutions g\u00e9n\u00e9rant des contenus g\u00e9n\u00e9raux pour une utilisation future par d&rsquo;autres institutions.<\/p>\n<\/div><div class=\"fusion-clearfix\"><\/div><\/div><\/div><\/div><\/div><div class=\"fusion-fullwidth fullwidth-box fusion-builder-row-3 nonhundred-percent-fullwidth non-hundred-percent-height-scrolling\" style=\"background-color: rgba(255,255,255,0);background-position: center center;background-repeat: no-repeat;padding-top:45px;padding-right:0px;padding-bottom:45px;padding-left:0px;margin-bottom: 0px;margin-top: 0px;border-width: 0px 0px 0px 0px;border-color:#eae9e9;border-style:solid;\" ><div class=\"fusion-builder-row fusion-row\"><div class=\"fusion-layout-column fusion_builder_column fusion-builder-column-2 fusion_builder_column_1_1 1_1 fusion-one-full fusion-column-first fusion-column-last\" style=\"margin-top:0px;margin-bottom:20px;\"><div class=\"fusion-column-wrapper fusion-flex-column-wrapper-legacy\" style=\"background-position:left top;background-repeat:no-repeat;-webkit-background-size:cover;-moz-background-size:cover;-o-background-size:cover;background-size:cover;padding: 0px 0px 0px 0px;\"><div class=\"fusion-blog-shortcode fusion-blog-shortcode-1 fusion-blog-archive fusion-blog-layout-grid-wrapper fusion-blog-no\"><style type=\"text\/css\">.fusion-blog-shortcode-1 .fusion-blog-layout-grid .fusion-post-grid{padding:15px;}.fusion-blog-shortcode-1 .fusion-posts-container{margin-left: -15px !important; margin-right:-15px !important;}<\/style><div class=\"fusion-posts-container fusion-posts-container-no fusion-blog-rollover fusion-blog-layout-grid fusion-blog-layout-grid-2 isotope fusion-blog-equal-heights\" data-pages=\"0\" data-grid-col-space=\"30\" style=\"margin: -15px -15px 0;min-height:500px;\"><article id=\"blog-1-post-1314\" class=\"fusion-post-grid post-1314 post type-post status-publish format-standard has-post-thumbnail hentry category-nouvelles\">\n<div class=\"fusion-post-wrapper\" style=\"background-color:rgba(255,255,255,0);border:1px solid #ebeaea;border-bottom-width:3px;\">\n\n\t\t\t<div class=\"fusion-flexslider flexslider fusion-flexslider-loading fusion-post-slideshow\" style=\"border-color:#ebeaea;\">\n\t\t<ul class=\"slides\">\n\t\t\t\n\t\t\t\t\t\t\t\t\t\t\t\t\t\t<li>\n\n<div  class=\"fusion-image-wrapper\" aria-haspopup=\"true\">\n\t\n\t\n\t\n\t\t\n\t\t\t\t\t<img decoding=\"async\" width=\"960\" height=\"508\" src=\"https:\/\/atalak.dantzaz.eus\/wp-content\/uploads\/2021\/11\/atalak_encuentros_profesionales_ATA-LAB.jpg\" class=\"attachment-full size-full wp-post-image\" alt=\"\" srcset=\"https:\/\/atalak.dantzaz.eus\/wp-content\/uploads\/2021\/11\/atalak_encuentros_profesionales_ATA-LAB-200x106.jpg 200w, https:\/\/atalak.dantzaz.eus\/wp-content\/uploads\/2021\/11\/atalak_encuentros_profesionales_ATA-LAB-400x212.jpg 400w, https:\/\/atalak.dantzaz.eus\/wp-content\/uploads\/2021\/11\/atalak_encuentros_profesionales_ATA-LAB-600x318.jpg 600w, https:\/\/atalak.dantzaz.eus\/wp-content\/uploads\/2021\/11\/atalak_encuentros_profesionales_ATA-LAB-800x423.jpg 800w, https:\/\/atalak.dantzaz.eus\/wp-content\/uploads\/2021\/11\/atalak_encuentros_profesionales_ATA-LAB.jpg 960w\" sizes=\"(min-width: 2200px) 100vw, (min-width: 800px) 625px, (min-width: 640px) 800px, \" \/>\n\t\n\n\t\t<div class=\"fusion-rollover\">\n\t<div class=\"fusion-rollover-content\">\n\n\t\t\t\t\n\t\t\n\t\t\t\t\t\t\t\t\t\t\t\t<h4 class=\"fusion-rollover-title\">\n\t\t\t\t\t<a class=\"fusion-rollover-title-link\" href=\"https:\/\/atalak.dantzaz.eus\/fr\/reunions-professionnelles-ata-lab\/\">\n\t\t\t\t\t\tR\u00e9unions professionnelles ATA-LAB\t\t\t\t\t<\/a>\n\t\t\t\t<\/h4>\n\t\t\t\n\t\t\t\t\t\t\t\t\n\t\t\n\t\t\t\t\t\t<a class=\"fusion-link-wrapper\" href=\"https:\/\/atalak.dantzaz.eus\/fr\/reunions-professionnelles-ata-lab\/\" aria-label=\"R\u00e9unions professionnelles ATA-LAB\"><\/a>\n\t<\/div>\n<\/div>\n\n\t\n<\/div>\n<\/li>\n\t\t\t\n\t\t\t\n\t\t\t\t\t\t\t\t\t\t\t\t\t\t\t\t\t\t\t\t\t\t\t\t\t\t\t\t\t\t\t\t\t\t\t\t\t\t\t\t\t\t\t\t\t\t\t\t\t\t\t\t\t\t\t\t\t\t\t\t\t\t\t\t\t\t\t\t<\/ul>\n\t<\/div>\n\t<div class=\"fusion-post-content-wrapper\" style=\"padding:30px 25px 20px 25px;\"><div class=\"fusion-post-content post-content\"><h2 class=\"blog-shortcode-post-title entry-title\"><a href=\"https:\/\/atalak.dantzaz.eus\/fr\/reunions-professionnelles-ata-lab\/\">R\u00e9unions professionnelles ATA-LAB<\/a><\/h2><p class=\"fusion-single-line-meta\"><span class=\"vcard\" style=\"display: none;\"><span class=\"fn\"><a href=\"https:\/\/atalak.dantzaz.eus\/fr\/author\/victor\/\" title=\"Articles par victor\" rel=\"author\">victor<\/a><\/span><\/span><span class=\"updated\" style=\"display:none;\">2021-12-19T14:05:54+02:00<\/span><span>d\u00e9cembre 19th, 2021<\/span><span class=\"fusion-inline-sep\">|<\/span><\/p><\/div><\/div><div class=\"fusion-clearfix\"><\/div><\/div>\n<\/article>\n<article id=\"blog-1-post-1353\" class=\"fusion-post-grid post-1353 post type-post status-publish format-standard has-post-thumbnail hentry category-nouvelles\">\n<div class=\"fusion-post-wrapper\" style=\"background-color:rgba(255,255,255,0);border:1px solid #ebeaea;border-bottom-width:3px;\">\n\n\t\t\t<div class=\"fusion-flexslider flexslider fusion-flexslider-loading fusion-post-slideshow\" style=\"border-color:#ebeaea;\">\n\t\t<ul class=\"slides\">\n\t\t\t\n\t\t\t\t\t\t\t\t\t\t\t\t\t\t<li>\n\n<div  class=\"fusion-image-wrapper\" aria-haspopup=\"true\">\n\t\n\t\n\t\n\t\t\n\t\t\t\t\t<img decoding=\"async\" width=\"2000\" height=\"1155\" src=\"https:\/\/atalak.dantzaz.eus\/wp-content\/uploads\/2021\/11\/Atalak_simposio.jpg\" class=\"attachment-full size-full wp-post-image\" alt=\"\" srcset=\"https:\/\/atalak.dantzaz.eus\/wp-content\/uploads\/2021\/11\/Atalak_simposio-200x116.jpg 200w, https:\/\/atalak.dantzaz.eus\/wp-content\/uploads\/2021\/11\/Atalak_simposio-400x231.jpg 400w, https:\/\/atalak.dantzaz.eus\/wp-content\/uploads\/2021\/11\/Atalak_simposio-600x347.jpg 600w, https:\/\/atalak.dantzaz.eus\/wp-content\/uploads\/2021\/11\/Atalak_simposio-800x462.jpg 800w, https:\/\/atalak.dantzaz.eus\/wp-content\/uploads\/2021\/11\/Atalak_simposio-1200x693.jpg 1200w, https:\/\/atalak.dantzaz.eus\/wp-content\/uploads\/2021\/11\/Atalak_simposio.jpg 2000w\" sizes=\"(min-width: 2200px) 100vw, (min-width: 800px) 625px, (min-width: 640px) 800px, \" \/>\n\t\n\n\t\t<div class=\"fusion-rollover\">\n\t<div class=\"fusion-rollover-content\">\n\n\t\t\t\t\n\t\t\n\t\t\t\t\t\t\t\t\t\t\t\t<h4 class=\"fusion-rollover-title\">\n\t\t\t\t\t<a class=\"fusion-rollover-title-link\" href=\"https:\/\/atalak.dantzaz.eus\/fr\/comment-documenter-votre-travail-reunions-professionnelles-ata-lab\/\">\n\t\t\t\t\t\tComment documenter votre travail ? R\u00e9unions professionnelles ATA-LAB\t\t\t\t\t<\/a>\n\t\t\t\t<\/h4>\n\t\t\t\n\t\t\t\t\t\t\t\t\n\t\t\n\t\t\t\t\t\t<a class=\"fusion-link-wrapper\" href=\"https:\/\/atalak.dantzaz.eus\/fr\/comment-documenter-votre-travail-reunions-professionnelles-ata-lab\/\" aria-label=\"Comment documenter votre travail ? R\u00e9unions professionnelles ATA-LAB\"><\/a>\n\t<\/div>\n<\/div>\n\n\t\n<\/div>\n<\/li>\n\t\t\t\n\t\t\t\n\t\t\t\t\t\t\t\t\t\t\t\t\t\t\t\t\t\t\t\t\t\t\t\t\t\t\t\t\t\t\t\t\t\t\t\t\t\t\t\t\t\t\t\t\t\t\t\t\t\t\t\t\t\t\t\t\t\t\t\t\t\t\t\t\t\t\t\t<\/ul>\n\t<\/div>\n\t<div class=\"fusion-post-content-wrapper\" style=\"padding:30px 25px 20px 25px;\"><div class=\"fusion-post-content post-content\"><h2 class=\"blog-shortcode-post-title entry-title\"><a href=\"https:\/\/atalak.dantzaz.eus\/fr\/comment-documenter-votre-travail-reunions-professionnelles-ata-lab\/\">Comment documenter votre travail ? R\u00e9unions professionnelles ATA-LAB<\/a><\/h2><p class=\"fusion-single-line-meta\"><span class=\"vcard\" style=\"display: none;\"><span class=\"fn\"><a href=\"https:\/\/atalak.dantzaz.eus\/fr\/author\/victor\/\" title=\"Articles par victor\" rel=\"author\">victor<\/a><\/span><\/span><span class=\"updated\" style=\"display:none;\">2022-01-29T12:20:25+02:00<\/span><span>juin 30th, 2021<\/span><span class=\"fusion-inline-sep\">|<\/span><\/p><\/div><\/div><div class=\"fusion-clearfix\"><\/div><\/div>\n<\/article>\n<div class=\"fusion-clearfix\"><\/div><\/div><\/div><div class=\"fusion-clearfix\"><\/div><\/div><\/div><\/div><\/div><\/p>\n","protected":false},"excerpt":{"rendered":"","protected":false},"author":1,"featured_media":0,"parent":0,"menu_order":0,"comment_status":"closed","ping_status":"closed","template":"100-width.php","meta":{"footnotes":""},"class_list":["post-1507","page","type-page","status-publish","hentry"],"acf":[],"_links":{"self":[{"href":"https:\/\/atalak.dantzaz.eus\/fr\/wp-json\/wp\/v2\/pages\/1507","targetHints":{"allow":["GET"]}}],"collection":[{"href":"https:\/\/atalak.dantzaz.eus\/fr\/wp-json\/wp\/v2\/pages"}],"about":[{"href":"https:\/\/atalak.dantzaz.eus\/fr\/wp-json\/wp\/v2\/types\/page"}],"author":[{"embeddable":true,"href":"https:\/\/atalak.dantzaz.eus\/fr\/wp-json\/wp\/v2\/users\/1"}],"replies":[{"embeddable":true,"href":"https:\/\/atalak.dantzaz.eus\/fr\/wp-json\/wp\/v2\/comments?post=1507"}],"version-history":[{"count":4,"href":"https:\/\/atalak.dantzaz.eus\/fr\/wp-json\/wp\/v2\/pages\/1507\/revisions"}],"predecessor-version":[{"id":1515,"href":"https:\/\/atalak.dantzaz.eus\/fr\/wp-json\/wp\/v2\/pages\/1507\/revisions\/1515"}],"wp:attachment":[{"href":"https:\/\/atalak.dantzaz.eus\/fr\/wp-json\/wp\/v2\/media?parent=1507"}],"curies":[{"name":"wp","href":"https:\/\/api.w.org\/{rel}","templated":true}]}}