{"id":673,"date":"2020-05-07T11:33:33","date_gmt":"2020-05-07T11:33:33","guid":{"rendered":"https:\/\/atalak.dantzaz.eus\/aviso-legal\/"},"modified":"2020-06-12T09:49:17","modified_gmt":"2020-06-12T09:49:17","slug":"mentions-legales","status":"publish","type":"page","link":"https:\/\/atalak.dantzaz.eus\/fr\/mentions-legales\/","title":{"rendered":"Mentions l\u00e9gales"},"content":{"rendered":"<p><div class=\"fusion-fullwidth fullwidth-box fusion-builder-row-1 intro-agenda hundred-percent-fullwidth non-hundred-percent-height-scrolling fusion-no-small-visibility fusion-no-medium-visibility\" style=\"background-color: #000000;background-position: center center;background-repeat: no-repeat;padding-top:80px;padding-right:0px;padding-bottom:80px;padding-left:0px;margin-bottom: 0px;margin-top: 0px;border-width: 0px 0px 0px 0px;border-color:#eae9e9;border-style:solid;\" ><div class=\"fusion-builder-row fusion-row\"><\/div><\/div><div class=\"fusion-fullwidth fullwidth-box fusion-builder-row-2 nonhundred-percent-fullwidth non-hundred-percent-height-scrolling\" style=\"background-color: rgba(255,255,255,0);background-position: center center;background-repeat: no-repeat;padding-top:45px;padding-right:0px;padding-bottom:45px;padding-left:0px;margin-bottom: 0px;margin-top: 0px;border-width: 0px 0px 0px 0px;border-color:#eae9e9;border-style:solid;\" ><div class=\"fusion-builder-row fusion-row\"><div class=\"fusion-layout-column fusion_builder_column fusion-builder-column-0 fusion_builder_column_1_1 1_1 fusion-one-full fusion-column-first fusion-column-last\" style=\"margin-top:0px;margin-bottom:0px;\"><div class=\"fusion-column-wrapper fusion-flex-column-wrapper-legacy\" style=\"background-position:left top;background-repeat:no-repeat;-webkit-background-size:cover;-moz-background-size:cover;-o-background-size:cover;background-size:cover;padding: 0px 0px 0px 0px;\"><div class=\"fusion-text fusion-text-1\"><h2>Mentions l\u00e9gales<\/h2>\n<p>Les pr\u00e9sentes mentions l\u00e9gales (ci-apr\u00e8s \u00ab Mentions l\u00e9gales \u00bb) r\u00e9gissent l&rsquo;utilisation du service du portail Internet www.atalak.dantzaz.eus (ci-apr\u00e8s \u00ab Web \u00bb) de DANTZAZ ELKARTEA dont le si\u00e8ge social est situ\u00e9 \u00e0 San Blas 4, 3\u00ba dcha, 20013 Donostia\/San Sebastian, Gipuzkoa, avec NIF\/CI8031<\/p>\n<h3>L\u00e9gislation sur la l\u00e9gislation<\/h3>\n<p>En g\u00e9n\u00e9ral, les relations entre DANTZAZ ELKARTEA et les Utilisateurs de ses services t\u00e9l\u00e9matiques, pr\u00e9sents sur le web, sont soumises \u00e0 la l\u00e9gislation et \u00e0 la juridiction espagnoles.<\/p>\n<p>Les parties renoncent express\u00e9ment au for qui pourrait leur correspondre et soumettent express\u00e9ment aux Tribunaux de Saint-S\u00e9bastien pour r\u00e9soudre tout diff\u00e9rend qui pourrait survenir dans l&rsquo;interpr\u00e9tation ou l&rsquo;ex\u00e9cution des pr\u00e9sentes conditions contractuelles.<\/p>\n<h3>Contenu et utilisation<\/h3>\n<p>L&rsquo;Utilisateur est inform\u00e9, et accepte, que l&rsquo;acc\u00e8s au pr\u00e9sent site ne suppose en aucune fa\u00e7on le d\u00e9but d&rsquo;une relation commerciale avec DANTZAZ ELKARTEA.<\/p>\n<p>Le titulaire du site n&rsquo;est pas identifi\u00e9 avec les opinions exprim\u00e9es en lui par ses collaborateurs. La Soci\u00e9t\u00e9 se r\u00e9serve le droit d&rsquo;effectuer sans pr\u00e9avis les modifications qu&rsquo;elle juge opportunes sur son Web, pouvant changer, supprimer ou ajouter tant les contenus et services qui y sont pr\u00eat\u00e9s que la fa\u00e7on dont ceux-ci sont pr\u00e9sent\u00e9s ou localis\u00e9s sur ses serveurs.<\/p>\n<h3>Propri\u00e9t\u00e9 intellectuelle et industrielle<\/h3>\n<p>Les droits de propri\u00e9t\u00e9 intellectuelle du contenu des pages Web, leur conception graphique et codes sont propri\u00e9t\u00e9 de DANTZAZ ELKARTEA et, par cons\u00e9quent, leur reproduction, distribution, communication publique, transformation ou toute autre activit\u00e9 pouvant \u00eatre r\u00e9alis\u00e9e avec le contenu de leurs pages Web est interdite, m\u00eame en citant les sources, sauf consentement \u00e9crit de DANTZAZ ELKARTEA. Tous les noms commerciaux, marques ou signes autres que ceux contenus dans les pages Web de la Soci\u00e9t\u00e9 sont la propri\u00e9t\u00e9 de leurs propri\u00e9taires et sont prot\u00e9g\u00e9s par la loi.<\/p>\n<h3>Liens<\/h3>\n<p>La pr\u00e9sence de liens (liens) sur les pages web de DANTZAZ ELKARTEA a un but purement informatif et ne suppose en aucun cas suggestion, invitation ou recommandation \u00e0 leur sujet.<\/p>\n<h3>Les mineurs<\/h3>\n<p>Si certains de nos services s&rsquo;adressent sp\u00e9cifiquement aux mineurs, DANTZAZ ELKARTEA demandera la conformit\u00e9 des parents ou tuteurs \u00e0 la collecte des donn\u00e9es personnelles ou, le cas \u00e9ch\u00e9ant, au traitement automatis\u00e9 des donn\u00e9es.<\/p>\n<\/div><div class=\"fusion-clearfix\"><\/div><\/div><\/div><\/div><\/div><\/p>\n","protected":false},"excerpt":{"rendered":"","protected":false},"author":1,"featured_media":0,"parent":0,"menu_order":0,"comment_status":"closed","ping_status":"closed","template":"100-width.php","meta":{"footnotes":""},"class_list":["post-673","page","type-page","status-publish","hentry"],"acf":[],"_links":{"self":[{"href":"https:\/\/atalak.dantzaz.eus\/fr\/wp-json\/wp\/v2\/pages\/673","targetHints":{"allow":["GET"]}}],"collection":[{"href":"https:\/\/atalak.dantzaz.eus\/fr\/wp-json\/wp\/v2\/pages"}],"about":[{"href":"https:\/\/atalak.dantzaz.eus\/fr\/wp-json\/wp\/v2\/types\/page"}],"author":[{"embeddable":true,"href":"https:\/\/atalak.dantzaz.eus\/fr\/wp-json\/wp\/v2\/users\/1"}],"replies":[{"embeddable":true,"href":"https:\/\/atalak.dantzaz.eus\/fr\/wp-json\/wp\/v2\/comments?post=673"}],"version-history":[{"count":5,"href":"https:\/\/atalak.dantzaz.eus\/fr\/wp-json\/wp\/v2\/pages\/673\/revisions"}],"predecessor-version":[{"id":682,"href":"https:\/\/atalak.dantzaz.eus\/fr\/wp-json\/wp\/v2\/pages\/673\/revisions\/682"}],"wp:attachment":[{"href":"https:\/\/atalak.dantzaz.eus\/fr\/wp-json\/wp\/v2\/media?parent=673"}],"curies":[{"name":"wp","href":"https:\/\/api.w.org\/{rel}","templated":true}]}}