{"id":684,"date":"2020-05-07T11:41:30","date_gmt":"2020-05-07T11:41:30","guid":{"rendered":"https:\/\/atalak.dantzaz.eus\/politica-de-cookies\/"},"modified":"2020-06-12T09:53:47","modified_gmt":"2020-06-12T09:53:47","slug":"politique-de-cookies","status":"publish","type":"page","link":"https:\/\/atalak.dantzaz.eus\/fr\/politique-de-cookies\/","title":{"rendered":"Politique de cookies"},"content":{"rendered":"<p><div class=\"fusion-fullwidth fullwidth-box fusion-builder-row-1 intro-agenda hundred-percent-fullwidth non-hundred-percent-height-scrolling fusion-no-small-visibility fusion-no-medium-visibility\" style=\"background-color: #000000;background-position: center center;background-repeat: no-repeat;padding-top:80px;padding-right:0px;padding-bottom:80px;padding-left:0px;margin-bottom: 0px;margin-top: 0px;border-width: 0px 0px 0px 0px;border-color:#eae9e9;border-style:solid;\" ><div class=\"fusion-builder-row fusion-row\"><\/div><\/div><div class=\"fusion-fullwidth fullwidth-box fusion-builder-row-2 nonhundred-percent-fullwidth non-hundred-percent-height-scrolling\" style=\"background-color: rgba(255,255,255,0);background-position: center center;background-repeat: no-repeat;padding-top:45px;padding-right:0px;padding-bottom:45px;padding-left:0px;margin-bottom: 0px;margin-top: 0px;border-width: 0px 0px 0px 0px;border-color:#eae9e9;border-style:solid;\" ><div class=\"fusion-builder-row fusion-row\"><div class=\"fusion-layout-column fusion_builder_column fusion-builder-column-0 fusion_builder_column_1_1 1_1 fusion-one-full fusion-column-first fusion-column-last\" style=\"margin-top:0px;margin-bottom:0px;\"><div class=\"fusion-column-wrapper fusion-flex-column-wrapper-legacy\" style=\"background-position:left top;background-repeat:no-repeat;-webkit-background-size:cover;-moz-background-size:cover;-o-background-size:cover;background-size:cover;padding: 0px 0px 0px 0px;\"><div class=\"fusion-text fusion-text-1\"><header class=\"entry-header\"><\/header>\n<div class=\"entry-content\">\n<h1>Politique de cookies<\/h1>\n<p>Notre site utilise des cookies qui permettront d&rsquo;am\u00e9liorer votre exp\u00e9rience en tant qu&rsquo;utilisateur en analysant vos habitudes de navigation. Conform\u00e9ment \u00e0 la LSSICE (LOI 34\/2002, du 11 juillet, des services de la soci\u00e9t\u00e9 de l&rsquo;information et du commerce \u00e9lectronique), nous allons vous informer sur ce qu&rsquo;ils sont, ce que nous utilisons sur notre site, comment les supprimer et nous vous demanderons le consentement pour leur utilisation.<\/p>\n<h3>Qu&rsquo;est-ce qu&rsquo;un cookie ?<\/h3>\n<p>Cookie est un fichier qui est t\u00e9l\u00e9charg\u00e9 sur votre ordinateur lorsque vous acc\u00e9dez \u00e0 certaines pages Web. Les cookies permettent \u00e0 un site Web, entre autres, de stocker et de r\u00e9cup\u00e9rer des informations sur les habitudes de navigation d&rsquo;un utilisateur ou de son ordinateur et, en fonction des informations qu&rsquo;ils contiennent et de la fa\u00e7on dont vous utilisez votre ordinateur, ils peuvent \u00eatre utilis\u00e9s pour reconna\u00eetre l&rsquo;utilisateur. Le navigateur de l&rsquo;utilisateur m\u00e9morise les cookies sur le disque dur uniquement pendant la session en cours en occupant un espace m\u00e9moire minimum et en ne nuisant pas \u00e0 l&rsquo;ordinateur. Les cookies ne contiennent aucun type d&rsquo;informations personnelles sp\u00e9cifiques, et la plupart d&rsquo;entre eux sont supprim\u00e9s du disque dur \u00e0 la fin de la session de navigateur (les soi-disant cookies de session).<\/p>\n<p>La plupart des navigateurs acceptent en standard les cookies et, ind\u00e9pendamment de ceux-ci, permettent ou emp\u00eachent les param\u00e8tres de s\u00e9curit\u00e9 des cookies temporaires ou m\u00e9moris\u00e9s.<\/p>\n<h3>Quels types de cookies utilise ce site?<\/h3>\n<ul>\n<li>Cookies techniques : Ce sont celles qui permettent \u00e0 l&rsquo;utilisateur de naviguer \u00e0 travers un site web, une plate-forme ou une application et l&rsquo;utilisation des diff\u00e9rentes options ou services qui y existent comme, par exemple, contr\u00f4ler le trafic et la communication de donn\u00e9es, identifier la session, acc\u00e9der \u00e0 des parties d&rsquo;acc\u00e8s restreint, rappeler les \u00e9l\u00e9ments qui composent une commande, effectuer le processus d&rsquo;achat d&rsquo;une commande, faire la demande d&rsquo;inscription ou de participation \u00e0 un \u00e9v\u00e9nement, utiliser des \u00e9l\u00e9ments de s\u00e9curit\u00e9<\/li>\n<li>Cookies de personnalisation: Ce sont celles qui permettent \u00e0 l&rsquo;utilisateur d&rsquo;acc\u00e9der au service avec certaines caract\u00e9ristiques de caract\u00e8re g\u00e9n\u00e9ral pr\u00e9d\u00e9finies en fonction d&rsquo;une s\u00e9rie de crit\u00e8res dans le terminal de l&rsquo;utilisateur tels que la langue, le type de navigateur \u00e0 travers lequel il acc\u00e8de au service, la configuration r\u00e9gionale d&rsquo;o\u00f9 il acc\u00e8de au service, etc.<\/li>\n<li>Cookies d&rsquo;analyse: Ce sont celles qui, bien trait\u00e9es par nous ou par des tiers, nous permettent de quantifier le nombre d&rsquo;utilisateurs et de r\u00e9aliser ainsi la mesure et l&rsquo;analyse statistique de l&rsquo;utilisation que font les utilisateurs du service offert. Pour cela, nous analysons votre navigation sur notre site afin d&rsquo;am\u00e9liorer l&rsquo;offre de produits ou de services que nous vous offrons.<\/li>\n<\/ul>\n<h3>Cookies tiers<\/h3>\n<p>Le site www.atalak.dantzaz.eus peut utiliser des services de tiers qui recueillent des informations \u00e0 des fins statistiques, d&rsquo;utilisation du site par l&rsquo;utilisateur et pour la fourniture d&rsquo;autres services li\u00e9s \u00e0 l&rsquo;activit\u00e9 du site et d&rsquo;autres services Internet.<\/p>\n<p>En particulier, ce site utilise Google Analytics, un service d&rsquo;analyse Web fourni par Google, Inc. dont le si\u00e8ge est situ\u00e9 aux \u00c9tats-Unis au 1600 Amphitheatre Parkway, Mountain View, Californie 94043. Pour la fourniture de ces services, nous utilisons des cookies qui collectent les informations, y compris l&rsquo;adresse IP de l&rsquo;utilisateur, qui seront transmises, trait\u00e9es et stock\u00e9es par Google dans les termes fix\u00e9s sur le Web de Google. Y compris la transmission \u00e9ventuelle de ces informations \u00e0 des tiers pour des raisons d&rsquo;exigence l\u00e9gale ou lorsque ces tiers traitent ces informations pour le compte de Google.<\/p>\n<p>L&rsquo;Utilisateur accepte express\u00e9ment, par l&rsquo;utilisation de ce site, le traitement de l&rsquo;information recueillie dans la forme et aux fins mentionn\u00e9es ci-dessus. Vous reconnaissez \u00e9galement la possibilit\u00e9 de refuser le traitement de ces donn\u00e9es ou informations en refusant l&rsquo;utilisation des Cookies en s\u00e9lectionnant les param\u00e8tres appropri\u00e9s \u00e0 cet effet dans votre navigateur. Bien que cette option de blocage des cookies dans votre navigateur puisse ne pas vous permettre d&rsquo;utiliser pleinement toutes les fonctionnalit\u00e9s du site.<\/p>\n<p>Vous pouvez autoriser, bloquer ou supprimer les cookies install\u00e9s sur votre ordinateur en configurant les options du navigateur install\u00e9 sur votre ordinateur:<\/p>\n<ul>\n<li><a href=\"http:\/\/support.google.com\/chrome\/bin\/answer.py?hl=es&amp;answer=95647\">Chrome<\/a><\/li>\n<li><a href=\"http:\/\/windows.microsoft.com\/es-es\/windows7\/how-to-manage-cookies-in-internet-explorer-9\/\">Explorer<\/a><\/li>\n<li><a href=\"https:\/\/support.mozilla.org\/es\/kb\/habilitar-y-deshabilitar-cookies-que-los-sitios-we\">Firefox<\/a><\/li>\n<li><a href=\"http:\/\/support.apple.com\/kb\/ph5042\">Safari<\/a><\/li>\n<\/ul>\n<p>Si vous avez des questions sur cette politique de cookies, vous pouvez contacter Atalak par e-mail info@atalak.dantzaz.eus<\/p>\n<p><a class=\"mailto-link\" data-enc-email=\"vasb&#091;at&#093;rfghqvbjc.rf\" data-wpel-link=\"ignore\"><span id=\"eeb-261870-263335\">ak.org<\/span><\/a><\/p>\n<\/div>\n<\/div><div class=\"fusion-clearfix\"><\/div><\/div><\/div><\/div><\/div><\/p>\n","protected":false},"excerpt":{"rendered":"","protected":false},"author":1,"featured_media":0,"parent":0,"menu_order":0,"comment_status":"closed","ping_status":"closed","template":"100-width.php","meta":{"footnotes":""},"class_list":["post-684","page","type-page","status-publish","hentry"],"acf":[],"_links":{"self":[{"href":"https:\/\/atalak.dantzaz.eus\/fr\/wp-json\/wp\/v2\/pages\/684","targetHints":{"allow":["GET"]}}],"collection":[{"href":"https:\/\/atalak.dantzaz.eus\/fr\/wp-json\/wp\/v2\/pages"}],"about":[{"href":"https:\/\/atalak.dantzaz.eus\/fr\/wp-json\/wp\/v2\/types\/page"}],"author":[{"embeddable":true,"href":"https:\/\/atalak.dantzaz.eus\/fr\/wp-json\/wp\/v2\/users\/1"}],"replies":[{"embeddable":true,"href":"https:\/\/atalak.dantzaz.eus\/fr\/wp-json\/wp\/v2\/comments?post=684"}],"version-history":[{"count":3,"href":"https:\/\/atalak.dantzaz.eus\/fr\/wp-json\/wp\/v2\/pages\/684\/revisions"}],"predecessor-version":[{"id":689,"href":"https:\/\/atalak.dantzaz.eus\/fr\/wp-json\/wp\/v2\/pages\/684\/revisions\/689"}],"wp:attachment":[{"href":"https:\/\/atalak.dantzaz.eus\/fr\/wp-json\/wp\/v2\/media?parent=684"}],"curies":[{"name":"wp","href":"https:\/\/api.w.org\/{rel}","templated":true}]}}